{"id":10,"date":"2022-05-16T23:05:41","date_gmt":"2022-05-16T23:05:41","guid":{"rendered":"https:\/\/daneo-raipheo.ca\/?page_id=10"},"modified":"2022-07-07T20:53:24","modified_gmt":"2022-07-07T20:53:24","slug":"about-us","status":"publish","type":"page","link":"https:\/\/daneo-raipheo.ca\/fr\/about-us\/","title":{"rendered":"\u00c0 propos de nous"},"content":{"rendered":"<div data-elementor-type=\"wp-page\" data-elementor-id=\"10\" class=\"elementor elementor-10\" data-elementor-post-type=\"page\">\n\t\t\t\t\t\t<section class=\"elementor-section elementor-top-section elementor-element elementor-element-6101f81 elementor-section-boxed elementor-section-height-default elementor-section-height-default\" data-id=\"6101f81\" data-element_type=\"section\" data-e-type=\"section\">\n\t\t\t\t\t\t<div class=\"elementor-container elementor-column-gap-default\">\n\t\t\t\t\t<div class=\"elementor-column elementor-col-100 elementor-top-column elementor-element elementor-element-3d34499\" data-id=\"3d34499\" data-element_type=\"column\" data-e-type=\"column\">\n\t\t\t<div class=\"elementor-widget-wrap elementor-element-populated\">\n\t\t\t\t\t\t<div class=\"elementor-element elementor-element-0323558 elementor-widget elementor-widget-text-editor\" data-id=\"0323558\" data-element_type=\"widget\" data-e-type=\"widget\" data-widget_type=\"text-editor.default\">\n\t\t\t\t<div class=\"elementor-widget-container\">\n\t\t\t\t\t\t\t\t\t<p class=\"translation-block\"><b>R\u00e9seau d'Action pour l'Inclusion des personnes handicap\u00e9es de l'Est Ontarien (RAIPHEO)<\/b> est un r\u00e9seau de personnes \u00e9tiquet\u00e9es avec une d\u00e9ficience intellectuelle, leurs familles, amis et alli\u00e9s.<\/p><p>Nous d\u00e9fendons les droits des citoyens \u00e9tiquet\u00e9s comme ayant une d\u00e9ficience intellectuelle  afin qu'ils aient acc\u00e8s aux m\u00eames possibilit\u00e9s et choix que les autres Ontariens.<\/p><p>Notre plaidoyer est fond\u00e9 sur la <a href=\"https:\/\/www.un.org\/development\/desa\/disabilities-fr\/la-convention-en-bref-2\/texte-integral-de-la-convention-relative-aux-droits-des-personnes-handicapees-13.html\">Convention des Nations Unies relative aux droits des personnes handicap\u00e9es (CNDPH)<\/a>dont le Canada est signataire.<\/p>\t\t\t\t\t\t\t\t<\/div>\n\t\t\t\t<\/div>\n\t\t\t\t\t<\/div>\n\t\t<\/div>\n\t\t\t\t\t<\/div>\n\t\t<\/section>\n\t\t\t\t<section class=\"elementor-section elementor-top-section elementor-element elementor-element-07be0d0 elementor-section-boxed elementor-section-height-default elementor-section-height-default\" data-id=\"07be0d0\" data-element_type=\"section\" data-e-type=\"section\" data-settings=\"{&quot;background_background&quot;:&quot;classic&quot;,&quot;shape_divider_top&quot;:&quot;opacity-tilt&quot;}\">\n\t\t\t\t\t<div class=\"elementor-shape elementor-shape-top\" aria-hidden=\"true\" data-negative=\"false\">\n\t\t\t<svg xmlns=\"http:\/\/www.w3.org\/2000\/svg\" viewbox=\"0 0 2600 131.1\" preserveaspectratio=\"none\">\n\t<path class=\"elementor-shape-fill\" d=\"M0 0L2600 0 2600 69.1 0 0z\"\/>\n\t<path class=\"elementor-shape-fill\" style=\"opacity:0.5\" d=\"M0 0L2600 0 2600 69.1 0 69.1z\"\/>\n\t<path class=\"elementor-shape-fill\" style=\"opacity:0.25\" d=\"M2600 0L0 0 0 130.1 2600 69.1z\"\/>\n<\/svg>\t\t<\/div>\n\t\t\t\t\t<div class=\"elementor-container elementor-column-gap-default\">\n\t\t\t\t\t<div class=\"elementor-column elementor-col-100 elementor-top-column elementor-element elementor-element-dd95913\" data-id=\"dd95913\" data-element_type=\"column\" data-e-type=\"column\">\n\t\t\t<div class=\"elementor-widget-wrap\">\n\t\t\t\t\t\t\t<\/div>\n\t\t<\/div>\n\t\t\t\t\t<\/div>\n\t\t<\/section>\n\t\t\t\t<section class=\"elementor-section elementor-top-section elementor-element elementor-element-a2af5ab elementor-section-boxed elementor-section-height-default elementor-section-height-default\" data-id=\"a2af5ab\" data-element_type=\"section\" data-e-type=\"section\" id=\"our-mission\">\n\t\t\t\t\t\t<div class=\"elementor-container elementor-column-gap-default\">\n\t\t\t\t\t<div class=\"elementor-column elementor-col-100 elementor-top-column elementor-element elementor-element-796747e\" data-id=\"796747e\" data-element_type=\"column\" data-e-type=\"column\">\n\t\t\t<div class=\"elementor-widget-wrap elementor-element-populated\">\n\t\t\t\t\t\t<div class=\"elementor-element elementor-element-d6a4b57 elementor-widget-divider--view-line elementor-widget elementor-widget-divider\" data-id=\"d6a4b57\" data-element_type=\"widget\" data-e-type=\"widget\" data-widget_type=\"divider.default\">\n\t\t\t\t<div class=\"elementor-widget-container\">\n\t\t\t\t\t\t\t<div class=\"elementor-divider\">\n\t\t\t<span class=\"elementor-divider-separator\">\n\t\t\t\t\t\t<\/span>\n\t\t<\/div>\n\t\t\t\t\t\t<\/div>\n\t\t\t\t<\/div>\n\t\t\t\t\t<\/div>\n\t\t<\/div>\n\t\t\t\t\t<\/div>\n\t\t<\/section>\n\t\t\t\t<section class=\"elementor-section elementor-top-section elementor-element elementor-element-2065e7f elementor-section-boxed elementor-section-height-default elementor-section-height-default\" data-id=\"2065e7f\" data-element_type=\"section\" data-e-type=\"section\">\n\t\t\t\t\t\t<div class=\"elementor-container elementor-column-gap-default\">\n\t\t\t\t\t<div class=\"elementor-column elementor-col-100 elementor-top-column elementor-element elementor-element-cc4c288\" data-id=\"cc4c288\" data-element_type=\"column\" data-e-type=\"column\">\n\t\t\t<div class=\"elementor-widget-wrap elementor-element-populated\">\n\t\t\t\t\t\t<div class=\"elementor-element elementor-element-cddeba4 elementor-widget elementor-widget-heading\" data-id=\"cddeba4\" data-element_type=\"widget\" data-e-type=\"widget\" data-widget_type=\"heading.default\">\n\t\t\t\t<div class=\"elementor-widget-container\">\n\t\t\t\t\t<h2 class=\"elementor-heading-title elementor-size-default\">Mission<\/h2>\t\t\t\t<\/div>\n\t\t\t\t<\/div>\n\t\t\t\t<div class=\"elementor-element elementor-element-9f0742e elementor-widget elementor-widget-text-editor\" data-id=\"9f0742e\" data-element_type=\"widget\" data-e-type=\"widget\" data-widget_type=\"text-editor.default\">\n\t\t\t\t<div class=\"elementor-widget-container\">\n\t\t\t\t\t\t\t\t\t<p><strong>Nous faisons la promotion de ces droits en<\/strong><\/p><ul><li><p><strong>Exploring <\/strong> issues impacting individuals with an intellectual impairment, their families, allies and support networksin our community<\/p><\/li><li><p class=\"translation-block\">Partageant des informations et des id\u00e9es entre les citoyens pr\u00e9sentant une d\u00e9ficience intellectuelle, leurs familles, leurs alli\u00e9s et les organisations communautaires, les fournisseurs de services et les d\u00e9cideurs.<\/p><\/li><li><p class=\"translation-block\">Sensibiliser le grand public aux questions qui touchent les personnes \u00e9tiquet\u00e9es comme ayant une d\u00e9ficience intellectuelle.<\/p><\/li><li><p class=\"translation-block\">\u00c9tablir des relations avec les r\u00e9seaux de d\u00e9fense des droits des personnes handicap\u00e9es dans l'Est de l'Ontario et dans toute la province.<\/p><\/li><li><p class=\"translation-block\">Repr\u00e9senter les personnes ayant une d\u00e9ficience intellectuelle, leurs familles et leurs r\u00e9seaux au sein des comit\u00e9s locaux et provinciaux, des consultations et des groupes de travail afin d'am\u00e9liorer les soutiens et les services.<\/p><\/li><li><p class=\"translation-block\">Augmenter le nombre de membres de RAIPHEO pour avoir une voix communautaire forte dans l'Est de l'Ontario.<\/p><\/li><\/ul>\t\t\t\t\t\t\t\t<\/div>\n\t\t\t\t<\/div>\n\t\t\t\t\t<\/div>\n\t\t<\/div>\n\t\t\t\t\t<\/div>\n\t\t<\/section>\n\t\t\t\t<section class=\"elementor-section elementor-top-section elementor-element elementor-element-f3b0aa9 elementor-section-boxed elementor-section-height-default elementor-section-height-default\" data-id=\"f3b0aa9\" data-element_type=\"section\" data-e-type=\"section\" data-settings=\"{&quot;background_background&quot;:&quot;classic&quot;,&quot;shape_divider_top&quot;:&quot;opacity-tilt&quot;}\">\n\t\t\t\t\t<div class=\"elementor-shape elementor-shape-top\" aria-hidden=\"true\" data-negative=\"false\">\n\t\t\t<svg xmlns=\"http:\/\/www.w3.org\/2000\/svg\" viewbox=\"0 0 2600 131.1\" preserveaspectratio=\"none\">\n\t<path class=\"elementor-shape-fill\" d=\"M0 0L2600 0 2600 69.1 0 0z\"\/>\n\t<path class=\"elementor-shape-fill\" style=\"opacity:0.5\" d=\"M0 0L2600 0 2600 69.1 0 69.1z\"\/>\n\t<path class=\"elementor-shape-fill\" style=\"opacity:0.25\" d=\"M2600 0L0 0 0 130.1 2600 69.1z\"\/>\n<\/svg>\t\t<\/div>\n\t\t\t\t\t<div class=\"elementor-container elementor-column-gap-default\">\n\t\t\t\t\t<div class=\"elementor-column elementor-col-100 elementor-top-column elementor-element elementor-element-fcd3f76\" data-id=\"fcd3f76\" data-element_type=\"column\" data-e-type=\"column\">\n\t\t\t<div class=\"elementor-widget-wrap\">\n\t\t\t\t\t\t\t<\/div>\n\t\t<\/div>\n\t\t\t\t\t<\/div>\n\t\t<\/section>\n\t\t\t\t<section class=\"elementor-section elementor-top-section elementor-element elementor-element-391b62f elementor-section-boxed elementor-section-height-default elementor-section-height-default\" data-id=\"391b62f\" data-element_type=\"section\" data-e-type=\"section\">\n\t\t\t\t\t\t<div class=\"elementor-container elementor-column-gap-default\">\n\t\t\t\t\t<div class=\"elementor-column elementor-col-100 elementor-top-column elementor-element elementor-element-9625f84\" data-id=\"9625f84\" data-element_type=\"column\" data-e-type=\"column\">\n\t\t\t<div class=\"elementor-widget-wrap elementor-element-populated\">\n\t\t\t\t\t\t<div class=\"elementor-element elementor-element-72f943c elementor-widget elementor-widget-menu-anchor\" data-id=\"72f943c\" data-element_type=\"widget\" data-e-type=\"widget\" data-widget_type=\"menu-anchor.default\">\n\t\t\t\t<div class=\"elementor-widget-container\">\n\t\t\t\t\t\t\t<div class=\"elementor-menu-anchor\" id=\"organizing-team\"><\/div>\n\t\t\t\t\t\t<\/div>\n\t\t\t\t<\/div>\n\t\t\t\t\t<\/div>\n\t\t<\/div>\n\t\t\t\t\t<\/div>\n\t\t<\/section>\n\t\t\t\t<section class=\"elementor-section elementor-top-section elementor-element elementor-element-3f86b29 elementor-section-boxed elementor-section-height-default elementor-section-height-default\" data-id=\"3f86b29\" data-element_type=\"section\" data-e-type=\"section\">\n\t\t\t\t\t\t<div class=\"elementor-container elementor-column-gap-default\">\n\t\t\t\t\t<div class=\"elementor-column elementor-col-100 elementor-top-column elementor-element elementor-element-6dbb2ba\" data-id=\"6dbb2ba\" data-element_type=\"column\" data-e-type=\"column\">\n\t\t\t<div class=\"elementor-widget-wrap elementor-element-populated\">\n\t\t\t\t\t\t<div class=\"elementor-element elementor-element-6d0fd07 elementor-widget elementor-widget-heading\" data-id=\"6d0fd07\" data-element_type=\"widget\" data-e-type=\"widget\" data-widget_type=\"heading.default\">\n\t\t\t\t<div class=\"elementor-widget-container\">\n\t\t\t\t\t<h2 class=\"elementor-heading-title elementor-size-default\">\u00c9quipe de direction<\/h2>\t\t\t\t<\/div>\n\t\t\t\t<\/div>\n\t\t\t\t<div class=\"elementor-element elementor-element-d6ea41a elementor-widget elementor-widget-text-editor\" data-id=\"d6ea41a\" data-element_type=\"widget\" data-e-type=\"widget\" data-widget_type=\"text-editor.default\">\n\t\t\t\t<div class=\"elementor-widget-container\">\n\t\t\t\t\t\t\t\t\t<strong>L'\u00e9quipe d'organisation de RAIPHEO se f\u00e9licite de la participation des auto-intervenants, des membres de la famille, des amis et des alli\u00e9s.  Nous sommes tous des volontaires.<\/strong>\t\t\t\t\t\t\t\t<\/div>\n\t\t\t\t<\/div>\n\t\t\t\t<div class=\"elementor-element elementor-element-26f59b3 elementor-widget elementor-widget-heading\" data-id=\"26f59b3\" data-element_type=\"widget\" data-e-type=\"widget\" data-widget_type=\"heading.default\">\n\t\t\t\t<div class=\"elementor-widget-container\">\n\t\t\t\t\t<h2 class=\"elementor-heading-title elementor-size-default\">2022 <\/h2>\t\t\t\t<\/div>\n\t\t\t\t<\/div>\n\t\t\t\t<div class=\"elementor-element elementor-element-9d08d8d elementor-widget-divider--separator-type-pattern elementor-widget-divider--no-spacing elementor-widget-divider--view-line elementor-widget elementor-widget-divider\" data-id=\"9d08d8d\" data-element_type=\"widget\" data-e-type=\"widget\" data-widget_type=\"divider.default\">\n\t\t\t\t<div class=\"elementor-widget-container\">\n\t\t\t\t\t\t\t<div class=\"elementor-divider\" style=\"--divider-pattern-url: url(&quot;data:image\/svg+xml,%3Csvg xmlns=&#039;http:\/\/www.w3.org\/2000\/svg&#039; preserveAspectRatio=&#039;none&#039; overflow=&#039;visible&#039; height=&#039;100%&#039; viewBox=&#039;0 0 24 24&#039; fill=&#039;black&#039; stroke=&#039;none&#039;%3E%3Cpath d=&#039;M24,8v12H0V8H24z M24,4v1H0V4H24z&#039;\/%3E%3C\/svg%3E&quot;);\">\n\t\t\t<span class=\"elementor-divider-separator\">\n\t\t\t\t\t\t<\/span>\n\t\t<\/div>\n\t\t\t\t\t\t<\/div>\n\t\t\t\t<\/div>\n\t\t\t\t<div class=\"elementor-element elementor-element-a06d263 elementor-widget elementor-widget-text-editor\" data-id=\"a06d263\" data-element_type=\"widget\" data-e-type=\"widget\" data-widget_type=\"text-editor.default\">\n\t\t\t\t<div class=\"elementor-widget-container\">\n\t\t\t\t\t\t\t\t\t<p><strong>Jos\u00e9e Varin<\/strong> Auto-repr\u00e9sentante et membre de Personnes d'Abord d'Ottawa<br \/><strong>Veronique Diloretto &#8211; <\/strong>auto-intervenante<br \/><strong>Kathy Bell<\/strong> &#8211; Parent<br \/><strong>Minda Bojin<\/strong> - Parent - Coordinatrice de DANEO et gestionnaire du site web<br \/><strong>Jos\u00e9e Boulanger<\/strong> - Membre de famille et intervenante - Candidate au doctorat \u00e0 la facult\u00e9 des sciences \t\t\tde la sant\u00e9 de \tl'Universit\u00e9 d'Ottawa<br \/><strong>Nancy Brodie <\/strong>&#8211; Parent<br \/><strong>Gis\u00e8le Doyle<\/strong> - Parent et d\u00e9fenseur du logement abordable<br \/><strong>Kevin Thompson<\/strong> \u2013 Parent<\/p>\t\t\t\t\t\t\t\t<\/div>\n\t\t\t\t<\/div>\n\t\t\t\t\t<\/div>\n\t\t<\/div>\n\t\t\t\t\t<\/div>\n\t\t<\/section>\n\t\t\t\t<section class=\"elementor-section elementor-top-section elementor-element elementor-element-eaf11b6 elementor-section-boxed elementor-section-height-default elementor-section-height-default\" data-id=\"eaf11b6\" data-element_type=\"section\" data-e-type=\"section\" data-settings=\"{&quot;background_background&quot;:&quot;classic&quot;,&quot;shape_divider_top&quot;:&quot;opacity-tilt&quot;}\">\n\t\t\t\t\t<div class=\"elementor-shape elementor-shape-top\" aria-hidden=\"true\" data-negative=\"false\">\n\t\t\t<svg xmlns=\"http:\/\/www.w3.org\/2000\/svg\" viewbox=\"0 0 2600 131.1\" preserveaspectratio=\"none\">\n\t<path class=\"elementor-shape-fill\" d=\"M0 0L2600 0 2600 69.1 0 0z\"\/>\n\t<path class=\"elementor-shape-fill\" style=\"opacity:0.5\" d=\"M0 0L2600 0 2600 69.1 0 69.1z\"\/>\n\t<path class=\"elementor-shape-fill\" style=\"opacity:0.25\" d=\"M2600 0L0 0 0 130.1 2600 69.1z\"\/>\n<\/svg>\t\t<\/div>\n\t\t\t\t\t<div class=\"elementor-container elementor-column-gap-default\">\n\t\t\t\t\t<div class=\"elementor-column elementor-col-100 elementor-top-column elementor-element elementor-element-8e72554\" data-id=\"8e72554\" data-element_type=\"column\" data-e-type=\"column\">\n\t\t\t<div class=\"elementor-widget-wrap\">\n\t\t\t\t\t\t\t<\/div>\n\t\t<\/div>\n\t\t\t\t\t<\/div>\n\t\t<\/section>\n\t\t\t\t<section class=\"elementor-section elementor-top-section elementor-element elementor-element-1a936df elementor-section-boxed elementor-section-height-default elementor-section-height-default\" data-id=\"1a936df\" data-element_type=\"section\" data-e-type=\"section\">\n\t\t\t\t\t\t<div class=\"elementor-container elementor-column-gap-default\">\n\t\t\t\t\t<div class=\"elementor-column elementor-col-100 elementor-top-column elementor-element elementor-element-14a0885\" data-id=\"14a0885\" data-element_type=\"column\" data-e-type=\"column\">\n\t\t\t<div class=\"elementor-widget-wrap elementor-element-populated\">\n\t\t\t\t\t\t<div class=\"elementor-element elementor-element-06c4ac1 elementor-widget elementor-widget-menu-anchor\" data-id=\"06c4ac1\" data-element_type=\"widget\" data-e-type=\"widget\" data-widget_type=\"menu-anchor.default\">\n\t\t\t\t<div class=\"elementor-widget-container\">\n\t\t\t\t\t\t\t<div class=\"elementor-menu-anchor\" id=\"social-inclusion\"><\/div>\n\t\t\t\t\t\t<\/div>\n\t\t\t\t<\/div>\n\t\t\t\t\t<\/div>\n\t\t<\/div>\n\t\t\t\t\t<\/div>\n\t\t<\/section>\n\t\t\t\t<section class=\"elementor-section elementor-top-section elementor-element elementor-element-a9cb9ce elementor-section-boxed elementor-section-height-default elementor-section-height-default\" data-id=\"a9cb9ce\" data-element_type=\"section\" data-e-type=\"section\">\n\t\t\t\t\t\t<div class=\"elementor-container elementor-column-gap-default\">\n\t\t\t\t\t<div class=\"elementor-column elementor-col-100 elementor-top-column elementor-element elementor-element-23ad225\" data-id=\"23ad225\" data-element_type=\"column\" data-e-type=\"column\">\n\t\t\t<div class=\"elementor-widget-wrap elementor-element-populated\">\n\t\t\t\t\t\t<div class=\"elementor-element elementor-element-dd2b78a elementor-widget elementor-widget-heading\" data-id=\"dd2b78a\" data-element_type=\"widget\" data-e-type=\"widget\" data-widget_type=\"heading.default\">\n\t\t\t\t<div class=\"elementor-widget-container\">\n\t\t\t\t\t<h2 class=\"elementor-heading-title elementor-size-default\">Ce que signifie vraiment l'inclusion<\/h2>\t\t\t\t<\/div>\n\t\t\t\t<\/div>\n\t\t\t\t<div class=\"elementor-element elementor-element-730326a elementor-widget elementor-widget-text-editor\" data-id=\"730326a\" data-element_type=\"widget\" data-e-type=\"widget\" data-widget_type=\"text-editor.default\">\n\t\t\t\t<div class=\"elementor-widget-container\">\n\t\t\t\t\t\t\t\t\t<p>En 2006, le gouvernement de l'Ontario a d\u00e9clar\u00e9 que sa \" vision fondamentale est d'aider les gens \u00e0 vivre de mani\u00e8re aussi autonome que possible dans la communaut\u00e9 et de soutenir la pleine inclusion des Ontariens handicap\u00e9s dans tous les aspects de la soci\u00e9t\u00e9 \".\u00a0<\/p><p class=\"translation-block\">En 2008, le gouvernement de l'Ontario a adopt\u00e9 la <a href=\"https:\/\/www.ontario.ca\/laws\/statute\/08s14\/v8\" target=\"_blank\" rel=\"noopener\" role=\"link\"> Loi sur les services et soutiens favorisant l'inclusion sociale des personnes ayant une d\u00e9ficience intellectuelle<\/a>.<\/p><p>La Loi sur l'inclusion sociale de 2008 a \u00e9t\u00e9 r\u00e9dig\u00e9e avant que le Canada ne ratifie la Convention des Nations Unies relative aux droits des personnes handicap\u00e9es (CDPH) et n'utilise donc pas le langage des droits et obligations du gouvernement pour fournir les soutiens n\u00e9cessaires aux membres de la soci\u00e9t\u00e9 \u00e9tiquet\u00e9s comme ayant une d\u00e9ficience intellectuelle.<\/p><p><a href=\"https:\/\/nbacl.nb.ca\/module-pages\/why-social-inclusion\/\" target=\"_blank\" rel=\"noopener\">L'Association pour l'int\u00e9gration communautaire du Nouveau-Brunswick a identifi\u00e9 les avantages de l'inclusion sociale.<\/a><\/p><p>L'inclusion sociale signifie que les gens<\/p><ul><li>\u00e9prouvent un sentiment d'appartenance<\/li><li>sont accept\u00e9es (pour ce qu'elles sont) dans leur communaut\u00e9<\/li><li>ont des r\u00f4les valoris\u00e9s dans la communaut\u00e9<\/li><li>participent activement \u00e0 la communaut\u00e9<\/li><li>participent \u00e0 des activit\u00e9s bas\u00e9es sur leurs pr\u00e9f\u00e9rences personnelles<\/li><li>entretiennent des relations sociales avec des personnes qu'ils ont choisies et qui partagent des int\u00e9r\u00eats communs.<\/li><li>ont des amis.<\/li><\/ul><p>\u00a0<\/p><p>La relation entre l'inclusion sociale et la qualit\u00e9 de vie a fait l'objet d' <a href=\"https:\/\/www.unb.ca\/initiatives\/_assets\/documents\/ucsi\/social-inclusion.pdf\" target=\"_blank\" rel=\"noopener\">un document de recherche<\/a> de l'Institut d'\u00e9tudes urbaines et communautaires de l'Universit\u00e9 du Nouveau-Brunswick.<\/p><p><a href=\"https:\/\/inclusioncanada.ca\/who-we-are\/\" target=\"_blank\" rel=\"noopener\">Inclusion Canada<\/a> est un organisme national qui se concentre sur l'inclusion sociale des personnes ayant une d\u00e9ficience intellectuelle.  Elle reconna\u00eet que la cr\u00e9ation de communaut\u00e9s inclusives n\u00e9cessite une approche collective - des lois, des politiques, la d\u00e9fense des droits, des personnes et des familles qui prennent position au quotidien pour d\u00e9finir et renforcer les pratiques inclusives.<\/p><p>Nous avons du travail \u00e0 faire en Ontario pour nous assurer que nos lois, nos politiques et notre infrastructure de soutien aux personnes ayant une d\u00e9ficience respectent la CDPH et mettent l'accent sur l'inclusion sociale.<\/p>\t\t\t\t\t\t\t\t<\/div>\n\t\t\t\t<\/div>\n\t\t\t\t\t<\/div>\n\t\t<\/div>\n\t\t\t\t\t<\/div>\n\t\t<\/section>\n\t\t\t\t<\/div>","protected":false},"excerpt":{"rendered":"<p>The Disability Advocacy Network of Eastern Ontario (DANEO) is a network of people labelled with an intellectual\/development impairment, their families, friends and allies. We advocate for the rights of citizens labelled with an intellectual\/developmental disability to have access to the same opportunities and choices as other Ontarians. Our advocacy is based on the United Nations&hellip;&nbsp;<a href=\"https:\/\/daneo-raipheo.ca\/fr\/about-us\/\" rel=\"bookmark\">Lire la suite &raquo;<span class=\"screen-reader-text\">\u00c0 propos de nous<\/span><\/a><\/p>","protected":false},"author":1,"featured_media":0,"parent":0,"menu_order":0,"comment_status":"closed","ping_status":"closed","template":"page-templates\/template-pagebuilder-full-width.php","meta":{"neve_meta_sidebar":"","neve_meta_container":"","neve_meta_enable_content_width":"on","neve_meta_content_width":100,"neve_meta_title_alignment":"","neve_meta_author_avatar":"","neve_post_elements_order":"","neve_meta_disable_header":"","neve_meta_disable_footer":"","neve_meta_disable_title":"on","footnotes":""},"class_list":["post-10","page","type-page","status-publish","hentry"],"aioseo_notices":[],"_links":{"self":[{"href":"https:\/\/daneo-raipheo.ca\/fr\/wp-json\/wp\/v2\/pages\/10","targetHints":{"allow":["GET"]}}],"collection":[{"href":"https:\/\/daneo-raipheo.ca\/fr\/wp-json\/wp\/v2\/pages"}],"about":[{"href":"https:\/\/daneo-raipheo.ca\/fr\/wp-json\/wp\/v2\/types\/page"}],"author":[{"embeddable":true,"href":"https:\/\/daneo-raipheo.ca\/fr\/wp-json\/wp\/v2\/users\/1"}],"replies":[{"embeddable":true,"href":"https:\/\/daneo-raipheo.ca\/fr\/wp-json\/wp\/v2\/comments?post=10"}],"version-history":[{"count":212,"href":"https:\/\/daneo-raipheo.ca\/fr\/wp-json\/wp\/v2\/pages\/10\/revisions"}],"predecessor-version":[{"id":1779,"href":"https:\/\/daneo-raipheo.ca\/fr\/wp-json\/wp\/v2\/pages\/10\/revisions\/1779"}],"wp:attachment":[{"href":"https:\/\/daneo-raipheo.ca\/fr\/wp-json\/wp\/v2\/media?parent=10"}],"curies":[{"name":"wp","href":"https:\/\/api.w.org\/{rel}","templated":true}]}}