{"id":1094,"date":"2022-05-31T00:59:20","date_gmt":"2022-05-31T00:59:20","guid":{"rendered":"https:\/\/daneo-raipheo.ca\/?page_id=1094"},"modified":"2022-07-13T22:47:37","modified_gmt":"2022-07-13T22:47:37","slug":"what-social-inclusion-really-means","status":"publish","type":"page","link":"https:\/\/daneo-raipheo.ca\/fr\/about-us\/what-social-inclusion-really-means\/","title":{"rendered":"Ce que signifie vraiment l'inclusion"},"content":{"rendered":"<div data-elementor-type=\"wp-page\" data-elementor-id=\"1094\" class=\"elementor elementor-1094\" data-elementor-post-type=\"page\">\n\t\t\t\t\t\t<section class=\"elementor-section elementor-top-section elementor-element elementor-element-1ee33529 elementor-section-stretched elementor-section-boxed elementor-section-height-default elementor-section-height-default\" data-id=\"1ee33529\" data-element_type=\"section\" data-e-type=\"section\" data-settings=\"{&quot;stretch_section&quot;:&quot;section-stretched&quot;,&quot;background_background&quot;:&quot;classic&quot;}\">\n\t\t\t\t\t\t<div class=\"elementor-container elementor-column-gap-default\">\n\t\t\t\t\t<div class=\"elementor-column elementor-col-100 elementor-top-column elementor-element elementor-element-be9f2ef\" data-id=\"be9f2ef\" data-element_type=\"column\" data-e-type=\"column\">\n\t\t\t<div class=\"elementor-widget-wrap elementor-element-populated\">\n\t\t\t\t\t\t<div class=\"elementor-element elementor-element-5f177638 elementor-widget elementor-widget-heading\" data-id=\"5f177638\" data-element_type=\"widget\" data-e-type=\"widget\" data-widget_type=\"heading.default\">\n\t\t\t\t<div class=\"elementor-widget-container\">\n\t\t\t\t\t<h4 class=\"elementor-heading-title elementor-size-default\">\u00c0 propos de nous<\/h4>\t\t\t\t<\/div>\n\t\t\t\t<\/div>\n\t\t\t\t<div class=\"elementor-element elementor-element-28026b7c elementor-widget-divider--view-line elementor-widget elementor-widget-divider\" data-id=\"28026b7c\" data-element_type=\"widget\" data-e-type=\"widget\" data-widget_type=\"divider.default\">\n\t\t\t\t<div class=\"elementor-widget-container\">\n\t\t\t\t\t\t\t<div class=\"elementor-divider\">\n\t\t\t<span class=\"elementor-divider-separator\">\n\t\t\t\t\t\t<\/span>\n\t\t<\/div>\n\t\t\t\t\t\t<\/div>\n\t\t\t\t<\/div>\n\t\t\t\t\t<\/div>\n\t\t<\/div>\n\t\t\t\t\t<\/div>\n\t\t<\/section>\n\t\t\t\t<section class=\"elementor-section elementor-top-section elementor-element elementor-element-84a2dc7 elementor-section-boxed elementor-section-height-default elementor-section-height-default\" data-id=\"84a2dc7\" data-element_type=\"section\" data-e-type=\"section\">\n\t\t\t\t\t\t<div class=\"elementor-container elementor-column-gap-default\">\n\t\t\t\t\t<div class=\"elementor-column elementor-col-100 elementor-top-column elementor-element elementor-element-8081a73\" data-id=\"8081a73\" data-element_type=\"column\" data-e-type=\"column\">\n\t\t\t<div class=\"elementor-widget-wrap elementor-element-populated\">\n\t\t\t\t\t\t<div class=\"elementor-element elementor-element-a1779cb elementor-widget elementor-widget-text-editor\" data-id=\"a1779cb\" data-element_type=\"widget\" data-e-type=\"widget\" data-widget_type=\"text-editor.default\">\n\t\t\t\t<div class=\"elementor-widget-container\">\n\t\t\t\t\t\t\t\t\t<p>En 2006, le gouvernement de l'Ontario a d\u00e9clar\u00e9 que sa \" vision fondamentale est d'aider les gens \u00e0 vivre de mani\u00e8re aussi autonome que possible dans la communaut\u00e9 et de soutenir la pleine inclusion des Ontariens handicap\u00e9s dans tous les aspects de la soci\u00e9t\u00e9 \".&nbsp;<\/p>\n<p class=\"translation-block\">En 2008, le gouvernement de l'Ontario a adopt\u00e9 la <a href=\"https:\/\/www.ontario.ca\/laws\/statute\/08s14\/v8\" target=\"_blank\" rel=\"noopener\" role=\"link\"> Loi sur les services et soutiens favorisant l'inclusion sociale des personnes ayant une d\u00e9ficience intellectuelle<\/a>.<\/p>\n<p>En 2008, le gouvernement de l'Ontario a adopt\u00e9 la <a href=\"https:\/\/www.ontario.ca\/laws\/statute\/08s14\/v8\" target=\"_blank\" rel=\"noopener\" role=\"link\"> Loi sur les services et soutiens favorisant l'inclusion sociale des personnes ayant une d\u00e9ficience intellectuelle<\/a>.<\/p>\n<p><a href=\"https:\/\/nbacl.nb.ca\/module-pages\/why-social-inclusion\/\" target=\"_blank\" rel=\"noopener\">L'Association pour l'int\u00e9gration communautaire du Nouveau-Brunswick a identifi\u00e9 les avantages de l'inclusion sociale.<\/a><\/p>\n<p><strong>L'inclusion sociale signifie que les gens<\/strong><\/p>\n<ul>\n<li>\u00e9prouvent un sentiment d'appartenance<\/li>\n<li>sont accept\u00e9es (pour ce qu'elles sont) dans leur communaut\u00e9<\/li>\n<li>ont des r\u00f4les valoris\u00e9s dans la communaut\u00e9<\/li>\n<li>participent activement \u00e0 la communaut\u00e9<\/li>\n<li>participent \u00e0 des activit\u00e9s bas\u00e9es sur leurs pr\u00e9f\u00e9rences personnelles<\/li>\n<li>entretiennent des relations sociales avec des personnes qu'ils ont choisies et qui partagent des int\u00e9r\u00eats communs.<\/li>\n<li>ont des amis.<\/li>\n<\/ul>\n<p>La relation entre l'inclusion sociale et la qualit\u00e9 de vie a fait l'objet d' <a href=\"https:\/\/www.unb.ca\/initiatives\/_assets\/documents\/ucsi\/social-inclusion.pdf\" target=\"_blank\" rel=\"noopener\">un document de recherche<\/a> de l'Institut d'\u00e9tudes urbaines et communautaires de l'Universit\u00e9 du Nouveau-Brunswick.<\/p>\n<p class=\"translation-block\"><a href=\"https:\/\/inclusioncanada.ca\/who-we-are\/\" target=\"_blank\" rel=\"noopener\" role=\"link\">Inclusion Canada<\/a> is a national organization focussing on social inclusion of individuals with an intellectual disability. They recognize that building inclusive communities takes a collective approach \u2013 laws, policies, advocacy, individuals and families taking a stand on a day to day basis to define and reinforce inclusive practices.<\/p>\n<p>Nous avons du travail \u00e0 faire en Ontario pour nous assurer que nos lois, nos politiques et notre infrastructure de soutien aux personnes ayant une d\u00e9ficience respectent la CDPH et mettent l'accent sur l'inclusion sociale.<\/p>\t\t\t\t\t\t\t\t<\/div>\n\t\t\t\t<\/div>\n\t\t\t\t\t<\/div>\n\t\t<\/div>\n\t\t\t\t\t<\/div>\n\t\t<\/section>\n\t\t\t\t<\/div>","protected":false},"excerpt":{"rendered":"<p>About Us In 2006, the Ontario government said that its \u201cfundamental vision is to support people to live as independently as possible in the community and to support the full inclusion of Ontarians with disabilities in all aspects of society\u201d.&nbsp; In 2008, the Ontario government passed the Services and Supports to Promote the Social Inclusion&hellip;&nbsp;<a href=\"https:\/\/daneo-raipheo.ca\/fr\/about-us\/what-social-inclusion-really-means\/\" rel=\"bookmark\">Lire la suite &raquo;<span class=\"screen-reader-text\">Ce que signifie vraiment l'inclusion<\/span><\/a><\/p>","protected":false},"author":1,"featured_media":0,"parent":10,"menu_order":0,"comment_status":"closed","ping_status":"closed","template":"","meta":{"neve_meta_sidebar":"","neve_meta_container":"","neve_meta_enable_content_width":"off","neve_meta_content_width":100,"neve_meta_title_alignment":"","neve_meta_author_avatar":"","neve_post_elements_order":"","neve_meta_disable_header":"","neve_meta_disable_footer":"","neve_meta_disable_title":"","footnotes":""},"class_list":["post-1094","page","type-page","status-publish","hentry"],"aioseo_notices":[],"_links":{"self":[{"href":"https:\/\/daneo-raipheo.ca\/fr\/wp-json\/wp\/v2\/pages\/1094","targetHints":{"allow":["GET"]}}],"collection":[{"href":"https:\/\/daneo-raipheo.ca\/fr\/wp-json\/wp\/v2\/pages"}],"about":[{"href":"https:\/\/daneo-raipheo.ca\/fr\/wp-json\/wp\/v2\/types\/page"}],"author":[{"embeddable":true,"href":"https:\/\/daneo-raipheo.ca\/fr\/wp-json\/wp\/v2\/users\/1"}],"replies":[{"embeddable":true,"href":"https:\/\/daneo-raipheo.ca\/fr\/wp-json\/wp\/v2\/comments?post=1094"}],"version-history":[{"count":28,"href":"https:\/\/daneo-raipheo.ca\/fr\/wp-json\/wp\/v2\/pages\/1094\/revisions"}],"predecessor-version":[{"id":1866,"href":"https:\/\/daneo-raipheo.ca\/fr\/wp-json\/wp\/v2\/pages\/1094\/revisions\/1866"}],"up":[{"embeddable":true,"href":"https:\/\/daneo-raipheo.ca\/fr\/wp-json\/wp\/v2\/pages\/10"}],"wp:attachment":[{"href":"https:\/\/daneo-raipheo.ca\/fr\/wp-json\/wp\/v2\/media?parent=1094"}],"curies":[{"name":"wp","href":"https:\/\/api.w.org\/{rel}","templated":true}]}}