{"id":1357,"date":"2022-06-29T02:26:44","date_gmt":"2022-06-29T02:26:44","guid":{"rendered":"https:\/\/daneo-raipheo.ca\/?page_id=1357"},"modified":"2022-07-14T04:54:58","modified_gmt":"2022-07-14T04:54:58","slug":"disability-advocacy","status":"publish","type":"page","link":"https:\/\/daneo-raipheo.ca\/fr\/voices-of-advocacy\/disability-advocacy\/","title":{"rendered":"D\u00e9fense des int\u00e9r\u00eats des personnes handicap\u00e9es"},"content":{"rendered":"<div data-elementor-type=\"wp-page\" data-elementor-id=\"1357\" class=\"elementor elementor-1357\" data-elementor-post-type=\"page\">\n\t\t\t\t\t\t<section class=\"elementor-section elementor-top-section elementor-element elementor-element-2fa7e9e7 elementor-section-stretched elementor-section-boxed elementor-section-height-default elementor-section-height-default\" data-id=\"2fa7e9e7\" data-element_type=\"section\" data-e-type=\"section\" data-settings=\"{&quot;stretch_section&quot;:&quot;section-stretched&quot;,&quot;background_background&quot;:&quot;classic&quot;}\">\n\t\t\t\t\t\t<div class=\"elementor-container elementor-column-gap-default\">\n\t\t\t\t\t<div class=\"elementor-column elementor-col-100 elementor-top-column elementor-element elementor-element-2a46619b\" data-id=\"2a46619b\" data-element_type=\"column\" data-e-type=\"column\">\n\t\t\t<div class=\"elementor-widget-wrap elementor-element-populated\">\n\t\t\t\t\t\t<div class=\"elementor-element elementor-element-335f1d3a elementor-widget elementor-widget-heading\" data-id=\"335f1d3a\" data-element_type=\"widget\" data-e-type=\"widget\" data-widget_type=\"heading.default\">\n\t\t\t\t<div class=\"elementor-widget-container\">\n\t\t\t\t\t<h4 class=\"elementor-heading-title elementor-size-default\">Les voix du plaidoyer<\/h4>\t\t\t\t<\/div>\n\t\t\t\t<\/div>\n\t\t\t\t<div class=\"elementor-element elementor-element-3414686c elementor-widget-divider--view-line elementor-widget elementor-widget-divider\" data-id=\"3414686c\" data-element_type=\"widget\" data-e-type=\"widget\" data-widget_type=\"divider.default\">\n\t\t\t\t<div class=\"elementor-widget-container\">\n\t\t\t\t\t\t\t<div class=\"elementor-divider\">\n\t\t\t<span class=\"elementor-divider-separator\">\n\t\t\t\t\t\t<\/span>\n\t\t<\/div>\n\t\t\t\t\t\t<\/div>\n\t\t\t\t<\/div>\n\t\t\t\t\t<\/div>\n\t\t<\/div>\n\t\t\t\t\t<\/div>\n\t\t<\/section>\n\t\t\t\t<section class=\"elementor-section elementor-top-section elementor-element elementor-element-337ae81 elementor-section-boxed elementor-section-height-default elementor-section-height-default\" data-id=\"337ae81\" data-element_type=\"section\" data-e-type=\"section\">\n\t\t\t\t\t\t<div class=\"elementor-container elementor-column-gap-default\">\n\t\t\t\t\t<div class=\"elementor-column elementor-col-100 elementor-top-column elementor-element elementor-element-c8d9b07\" data-id=\"c8d9b07\" data-element_type=\"column\" data-e-type=\"column\">\n\t\t\t<div class=\"elementor-widget-wrap elementor-element-populated\">\n\t\t\t\t\t\t<div class=\"elementor-element elementor-element-dccdef0 elementor-widget elementor-widget-text-editor\" data-id=\"dccdef0\" data-element_type=\"widget\" data-e-type=\"widget\" data-widget_type=\"text-editor.default\">\n\t\t\t\t<div class=\"elementor-widget-container\">\n\t\t\t\t\t\t\t\t\t<p><a href=\"https:\/\/odcoalition.com\/\" target=\"_blank\" rel=\"noopener\">Ontario Disability Coalition<\/a> (ODC) is a grassroots coalition,&nbsp; established in 2017,&nbsp; to be the voice of parents, caregivers, health service professionals, and disabled individuals children and adults, to advocate for health care services, ensuring that all publicly funded services meet the needs of all disabled individuals.&nbsp;<\/p>\n<p><a href=\"https:\/\/communitylivingontario.ca\/\" target=\"_blank\" rel=\"noopener\">Community Living Ontario<\/a> is the provincial voice of Community Living agencies in Ontario, but also engages in advocacy for persons with a developmental disability and their families. CLO produces the Inspiring Possibilities <a href=\"https:\/\/communitylivingontario.ca\/resources\/wills-estate-guide\/\" target=\"_blank\" rel=\"noopener\">Estate Planning Guide<\/a> et \u00e0 <a href=\"https:\/\/communitylivingontario.ca\/resources\/legal-guide\/\" target=\"_blank\" rel=\"noopener\">Legal Guide to Engaging Support Workers for People with Disabilities<\/a> (both available in English and French). The Planning Guide is updated regularly (for the past 30 years) to reflect changes in policies and programs.<\/p>\n<p class=\"translation-block\"><a href=\"https:\/\/everycanadiancounts.com\/?page_id=52\" target=\"_blank\" rel=\"noopener\">Every Canadian Counts<\/a> milite depuis plus de 10 ans pour de meilleurs services et soutiens. Il se concentre sur un programme d'assurance-invalidit\u00e9, semblable \u00e0 celui qui est en place en Australie.<\/p>\n<p><a href=\"https:\/\/inclusioncanada.ca\/\" target=\"_blank\" rel=\"noopener\">Inclusion Canada<\/a>, formerly Canadian Association for Community Living., holding annual conferences and on-going speaker series. One of their most noteworthy offerings is the series: <a href=\"https:\/\/truthsofinstitutionalization.ca\/\" target=\"_blank\" rel=\"noopener\">Truths of Institutionalization: Past and Present.<\/a><\/p>\t\t\t\t\t\t\t\t<\/div>\n\t\t\t\t<\/div>\n\t\t\t\t\t<\/div>\n\t\t<\/div>\n\t\t\t\t\t<\/div>\n\t\t<\/section>\n\t\t\t\t<\/div>","protected":false},"excerpt":{"rendered":"<p>Voices of Advocacy Ontario Disability Coalition (ODC) is a grassroots coalition,&nbsp; established in 2017,&nbsp; to be the voice of parents, caregivers, health service professionals, and disabled individuals children and adults, to advocate for health care services, ensuring that all publicly funded services meet the needs of all disabled individuals.&nbsp; Community Living Ontario is the provincial&hellip;&nbsp;<a href=\"https:\/\/daneo-raipheo.ca\/fr\/voices-of-advocacy\/disability-advocacy\/\" rel=\"bookmark\">Lire la suite &raquo;<span class=\"screen-reader-text\">D\u00e9fense des int\u00e9r\u00eats des personnes handicap\u00e9es<\/span><\/a><\/p>","protected":false},"author":1,"featured_media":0,"parent":12,"menu_order":0,"comment_status":"closed","ping_status":"closed","template":"","meta":{"neve_meta_sidebar":"","neve_meta_container":"","neve_meta_enable_content_width":"off","neve_meta_content_width":100,"neve_meta_title_alignment":"","neve_meta_author_avatar":"","neve_post_elements_order":"","neve_meta_disable_header":"","neve_meta_disable_footer":"","neve_meta_disable_title":"","footnotes":""},"class_list":["post-1357","page","type-page","status-publish","hentry"],"aioseo_notices":[],"_links":{"self":[{"href":"https:\/\/daneo-raipheo.ca\/fr\/wp-json\/wp\/v2\/pages\/1357","targetHints":{"allow":["GET"]}}],"collection":[{"href":"https:\/\/daneo-raipheo.ca\/fr\/wp-json\/wp\/v2\/pages"}],"about":[{"href":"https:\/\/daneo-raipheo.ca\/fr\/wp-json\/wp\/v2\/types\/page"}],"author":[{"embeddable":true,"href":"https:\/\/daneo-raipheo.ca\/fr\/wp-json\/wp\/v2\/users\/1"}],"replies":[{"embeddable":true,"href":"https:\/\/daneo-raipheo.ca\/fr\/wp-json\/wp\/v2\/comments?post=1357"}],"version-history":[{"count":37,"href":"https:\/\/daneo-raipheo.ca\/fr\/wp-json\/wp\/v2\/pages\/1357\/revisions"}],"predecessor-version":[{"id":1991,"href":"https:\/\/daneo-raipheo.ca\/fr\/wp-json\/wp\/v2\/pages\/1357\/revisions\/1991"}],"up":[{"embeddable":true,"href":"https:\/\/daneo-raipheo.ca\/fr\/wp-json\/wp\/v2\/pages\/12"}],"wp:attachment":[{"href":"https:\/\/daneo-raipheo.ca\/fr\/wp-json\/wp\/v2\/media?parent=1357"}],"curies":[{"name":"wp","href":"https:\/\/api.w.org\/{rel}","templated":true}]}}