{"id":1368,"date":"2022-06-29T02:31:25","date_gmt":"2022-06-29T02:31:25","guid":{"rendered":"https:\/\/daneo-raipheo.ca\/?page_id=1368"},"modified":"2022-07-14T04:38:57","modified_gmt":"2022-07-14T04:38:57","slug":"partners","status":"publish","type":"page","link":"https:\/\/daneo-raipheo.ca\/fr\/voices-of-advocacy\/partners\/","title":{"rendered":"Partenaires"},"content":{"rendered":"<div data-elementor-type=\"wp-page\" data-elementor-id=\"1368\" class=\"elementor elementor-1368\" data-elementor-post-type=\"page\">\n\t\t\t\t\t\t<section class=\"elementor-section elementor-top-section elementor-element elementor-element-132b6f07 elementor-section-stretched elementor-section-boxed elementor-section-height-default elementor-section-height-default\" data-id=\"132b6f07\" data-element_type=\"section\" data-e-type=\"section\" data-settings=\"{&quot;stretch_section&quot;:&quot;section-stretched&quot;,&quot;background_background&quot;:&quot;classic&quot;}\">\n\t\t\t\t\t\t<div class=\"elementor-container elementor-column-gap-default\">\n\t\t\t\t\t<div class=\"elementor-column elementor-col-100 elementor-top-column elementor-element elementor-element-2e38f2f4\" data-id=\"2e38f2f4\" data-element_type=\"column\" data-e-type=\"column\">\n\t\t\t<div class=\"elementor-widget-wrap elementor-element-populated\">\n\t\t\t\t\t\t<div class=\"elementor-element elementor-element-21395e2e elementor-widget elementor-widget-heading\" data-id=\"21395e2e\" data-element_type=\"widget\" data-e-type=\"widget\" data-widget_type=\"heading.default\">\n\t\t\t\t<div class=\"elementor-widget-container\">\n\t\t\t\t\t<h4 class=\"elementor-heading-title elementor-size-default\">Les voix du plaidoyer<\/h4>\t\t\t\t<\/div>\n\t\t\t\t<\/div>\n\t\t\t\t<div class=\"elementor-element elementor-element-70a1009c elementor-widget-divider--view-line elementor-widget elementor-widget-divider\" data-id=\"70a1009c\" data-element_type=\"widget\" data-e-type=\"widget\" data-widget_type=\"divider.default\">\n\t\t\t\t<div class=\"elementor-widget-container\">\n\t\t\t\t\t\t\t<div class=\"elementor-divider\">\n\t\t\t<span class=\"elementor-divider-separator\">\n\t\t\t\t\t\t<\/span>\n\t\t<\/div>\n\t\t\t\t\t\t<\/div>\n\t\t\t\t<\/div>\n\t\t\t\t\t<\/div>\n\t\t<\/div>\n\t\t\t\t\t<\/div>\n\t\t<\/section>\n\t\t\t\t<section class=\"elementor-section elementor-top-section elementor-element elementor-element-a0273d5 elementor-section-boxed elementor-section-height-default elementor-section-height-default\" data-id=\"a0273d5\" data-element_type=\"section\" data-e-type=\"section\">\n\t\t\t\t\t\t<div class=\"elementor-container elementor-column-gap-default\">\n\t\t\t\t\t<div class=\"elementor-column elementor-col-100 elementor-top-column elementor-element elementor-element-76beade\" data-id=\"76beade\" data-element_type=\"column\" data-e-type=\"column\">\n\t\t\t<div class=\"elementor-widget-wrap elementor-element-populated\">\n\t\t\t\t\t\t<div class=\"elementor-element elementor-element-7fac7e9 elementor-widget elementor-widget-text-editor\" data-id=\"7fac7e9\" data-element_type=\"widget\" data-e-type=\"widget\" data-widget_type=\"text-editor.default\">\n\t\t\t\t<div class=\"elementor-widget-container\">\n\t\t\t\t\t\t\t\t\t<p class=\"translation-block\"><a href=\"https:\/\/www.able2.org\/fr\/\" target=\"_blank\" rel=\"noopener\">ABLE 2<\/a> (anciennement Citizen Advocacy) s'est associ\u00e9 \u00e0 RAIPHEO \u00e0 plusieurs reprises pour des sessions d'information et des conf\u00e9rences traitant de la planification et de la facilitation de l'autonomie.<\/p>\n<p class=\"translation-block\"><a href=\"https:\/\/www.ottawadisability.com\/\" target=\"_blank\" rel=\"noopener\">Ottawa Disability Coalition<\/a> est un groupe local tr\u00e8s actif de d\u00e9fense des droits des personnes handicap\u00e9es d'Ottawa qui compte des repr\u00e9sentants d'organisations de toute la r\u00e9gion. Les sujets de discussion et les liens communautaires sont vari\u00e9s et constants.<\/p>\n<p class=\"translation-block\"><a href=\"https:\/\/voicesandchoices.org\/\" target=\"_blank\" rel=\"noopener\">Voices and Choices Ottawa<\/a> est un r\u00e9seau informel de personnes ayant un handicap physique \u00e0 Ottawa, et de leurs familles. Ils se concentrent sur la d\u00e9fense des droits et le partage d'information... et se r\u00e9unissent pour des rencontres sociales informelles.<\/p>\n<p><a href=\"https:\/\/family-alliance.com\/\" target=\"_blank\" rel=\"noopener\">Family Alliance Ontario<\/a> (FAO.) DANEO is an affiliate of FAO, an organization comprised of self advocates, families, and autonomous family networks. It has been a respected family voice for 25 years.<\/p>\n<p><a href=\"http:\/\/www.partnersforplanning.ca\/\" target=\"_blank\" rel=\"noopener\">Partners for Planning<\/a> (P4P). DANEO is an affiliate of P4P, an organization based in Toronto, that excels at advice&nbsp; and outreach, and champions the role of independent facilitation in supporting individuals and their families in planning for a good life in community.<\/p>\t\t\t\t\t\t\t\t<\/div>\n\t\t\t\t<\/div>\n\t\t\t\t\t<\/div>\n\t\t<\/div>\n\t\t\t\t\t<\/div>\n\t\t<\/section>\n\t\t\t\t<\/div>","protected":false},"excerpt":{"rendered":"<p>Voices of Advocacy ABLE 2 (formerly Citizen Advocacy) has partnered with DANEO on many occasions on information sessions and conferences dealing with planning and independent facilitation. Ottawa Disability Coalition is a very active local Ottawa disability advocacy group that has representation from organizations across the region. Topics of discussion and community connections are varied and&hellip;&nbsp;<a href=\"https:\/\/daneo-raipheo.ca\/fr\/voices-of-advocacy\/partners\/\" rel=\"bookmark\">Lire la suite &raquo;<span class=\"screen-reader-text\">Partenaires<\/span><\/a><\/p>","protected":false},"author":1,"featured_media":0,"parent":12,"menu_order":0,"comment_status":"closed","ping_status":"closed","template":"","meta":{"neve_meta_sidebar":"","neve_meta_container":"","neve_meta_enable_content_width":"off","neve_meta_content_width":100,"neve_meta_title_alignment":"","neve_meta_author_avatar":"","neve_post_elements_order":"","neve_meta_disable_header":"","neve_meta_disable_footer":"","neve_meta_disable_title":"","footnotes":""},"class_list":["post-1368","page","type-page","status-publish","hentry"],"aioseo_notices":[],"_links":{"self":[{"href":"https:\/\/daneo-raipheo.ca\/fr\/wp-json\/wp\/v2\/pages\/1368","targetHints":{"allow":["GET"]}}],"collection":[{"href":"https:\/\/daneo-raipheo.ca\/fr\/wp-json\/wp\/v2\/pages"}],"about":[{"href":"https:\/\/daneo-raipheo.ca\/fr\/wp-json\/wp\/v2\/types\/page"}],"author":[{"embeddable":true,"href":"https:\/\/daneo-raipheo.ca\/fr\/wp-json\/wp\/v2\/users\/1"}],"replies":[{"embeddable":true,"href":"https:\/\/daneo-raipheo.ca\/fr\/wp-json\/wp\/v2\/comments?post=1368"}],"version-history":[{"count":28,"href":"https:\/\/daneo-raipheo.ca\/fr\/wp-json\/wp\/v2\/pages\/1368\/revisions"}],"predecessor-version":[{"id":1958,"href":"https:\/\/daneo-raipheo.ca\/fr\/wp-json\/wp\/v2\/pages\/1368\/revisions\/1958"}],"up":[{"embeddable":true,"href":"https:\/\/daneo-raipheo.ca\/fr\/wp-json\/wp\/v2\/pages\/12"}],"wp:attachment":[{"href":"https:\/\/daneo-raipheo.ca\/fr\/wp-json\/wp\/v2\/media?parent=1368"}],"curies":[{"name":"wp","href":"https:\/\/api.w.org\/{rel}","templated":true}]}}