{"id":1443,"date":"2022-07-04T13:22:03","date_gmt":"2022-07-04T13:22:03","guid":{"rendered":"https:\/\/daneo-raipheo.ca\/?page_id=1443"},"modified":"2022-07-14T04:46:18","modified_gmt":"2022-07-14T04:46:18","slug":"family-networks","status":"publish","type":"page","link":"https:\/\/daneo-raipheo.ca\/fr\/voices-of-advocacy\/family-networks\/","title":{"rendered":"R\u00e9seaux familiaux"},"content":{"rendered":"<div data-elementor-type=\"wp-page\" data-elementor-id=\"1443\" class=\"elementor elementor-1443\" data-elementor-post-type=\"page\">\n\t\t\t\t\t\t<section class=\"elementor-section elementor-top-section elementor-element elementor-element-6f0b5f2 elementor-section-stretched elementor-section-boxed elementor-section-height-default elementor-section-height-default\" data-id=\"6f0b5f2\" data-element_type=\"section\" data-e-type=\"section\" data-settings=\"{&quot;stretch_section&quot;:&quot;section-stretched&quot;,&quot;background_background&quot;:&quot;classic&quot;}\">\n\t\t\t\t\t\t<div class=\"elementor-container elementor-column-gap-default\">\n\t\t\t\t\t<div class=\"elementor-column elementor-col-100 elementor-top-column elementor-element elementor-element-58eedb5\" data-id=\"58eedb5\" data-element_type=\"column\" data-e-type=\"column\">\n\t\t\t<div class=\"elementor-widget-wrap elementor-element-populated\">\n\t\t\t\t\t\t<div class=\"elementor-element elementor-element-7e68354 elementor-widget elementor-widget-heading\" data-id=\"7e68354\" data-element_type=\"widget\" data-e-type=\"widget\" data-widget_type=\"heading.default\">\n\t\t\t\t<div class=\"elementor-widget-container\">\n\t\t\t\t\t<h4 class=\"elementor-heading-title elementor-size-default\">Les voix du plaidoyer<\/h4>\t\t\t\t<\/div>\n\t\t\t\t<\/div>\n\t\t\t\t<div class=\"elementor-element elementor-element-58cf47f elementor-widget-divider--view-line elementor-widget elementor-widget-divider\" data-id=\"58cf47f\" data-element_type=\"widget\" data-e-type=\"widget\" data-widget_type=\"divider.default\">\n\t\t\t\t<div class=\"elementor-widget-container\">\n\t\t\t\t\t\t\t<div class=\"elementor-divider\">\n\t\t\t<span class=\"elementor-divider-separator\">\n\t\t\t\t\t\t<\/span>\n\t\t<\/div>\n\t\t\t\t\t\t<\/div>\n\t\t\t\t<\/div>\n\t\t\t\t\t<\/div>\n\t\t<\/div>\n\t\t\t\t\t<\/div>\n\t\t<\/section>\n\t\t\t\t<section class=\"elementor-section elementor-top-section elementor-element elementor-element-eeeee73 elementor-section-boxed elementor-section-height-default elementor-section-height-default\" data-id=\"eeeee73\" data-element_type=\"section\" data-e-type=\"section\">\n\t\t\t\t\t\t<div class=\"elementor-container elementor-column-gap-default\">\n\t\t\t\t\t<div class=\"elementor-column elementor-col-100 elementor-top-column elementor-element elementor-element-cc590c3\" data-id=\"cc590c3\" data-element_type=\"column\" data-e-type=\"column\">\n\t\t\t<div class=\"elementor-widget-wrap elementor-element-populated\">\n\t\t\t\t\t\t<div class=\"elementor-element elementor-element-406eb2f elementor-widget elementor-widget-text-editor\" data-id=\"406eb2f\" data-element_type=\"widget\" data-e-type=\"widget\" data-widget_type=\"text-editor.default\">\n\t\t\t\t<div class=\"elementor-widget-container\">\n\t\t\t\t\t\t\t\t\t<p>Les r\u00e9seaux familiaux jouent un r\u00f4le cl\u00e9 dans la mise en relation des personnes handicap\u00e9es et de leurs familles\/r\u00e9seaux de soutien.<\/p><p>L'\u00e9change informel d'exp\u00e9riences et de connaissances est essentiel pour instaurer la confiance, identifier les besoins syst\u00e9miques de changement et cr\u00e9er des r\u00e9seaux solides d'alli\u00e9s personnels et d'innovateurs potentiels.\u00a0<\/p><p>De nombreuses initiatives visant \u00e0 fermer des institutions et \u00e0 modifier la fa\u00e7on de penser le handicap et la soci\u00e9t\u00e9 ont \u00e9t\u00e9 lanc\u00e9es par des familles qui ont dit \"NON\" au statu quo.<\/p><p>Nous sommes toujours sur la voie de l'inclusion, du changement et de la citoyennet\u00e9 pour les personnes handicap\u00e9es - continuez \u00e0 parler et \u00e0 partager... nous apprenons tous.<\/p><p><b>Vous trouverez ci-dessous quelques r\u00e9seaux locaux :<\/b><\/p><p><a href=\"https:\/\/www.familiesmattercoop.ca\/\" target=\"_blank\" rel=\"noopener\">Families Matter Cooperative (en anglais uniquement)<\/a><\/p><p><a href=\"http:\/\/www.dsancr.com\/accueil\/~Francais\" target=\"_blank\" rel=\"noopener\">Down Syndrome Association - R\u00e9gion de la capitale nationale<\/a><\/p><p>Leeds and Grenville Family Network<\/p><p class=\"translation-block\"><a href=\"https:\/\/familyvoiceoflanarkcounty.com\/\" target=\"_blank\" rel=\"noopener\">Family Voice of Lanark County<\/a> (en anglais seulement)<\/p><p class=\"translation-block\">Siblings Canada (anciennement The Sibling Collaborative)<\/p><p class=\"translation-block\"><a href=\"https:\/\/www.micaontario.com\/\" target=\"_blank\" rel=\"noopener\">Mental Illness Caregivers Association of Canada <\/a>(bas\u00e9e \u00e0 Ottawa) (en anglais)<\/p><p><a href=\"https:\/\/www.opwsa.com\/home\" target=\"_blank\" rel=\"noopener\">Ontario Prader Willi Syndrome Association (en anglais)<\/a><\/p><p class=\"translation-block\"><a href=\"https:\/\/www.autismontario.com\/fr\/chapitre\/kingston\" target=\"_blank\" rel=\"noopener\">Autism Ontario, r\u00e9gion de l'Est<\/a>. Autism Ontario a des sections dans toute la province. Leur site Web comporte <a href=\"https:\/\/www.autismontario.com\/fr\/evenements\" target=\"_blank\" rel=\"noopener\">une page d'\u00e9v\u00e9nements<\/a> qui permet aux lecteurs de filtrer par r\u00e9gion.<\/p><p class=\"translation-block\"><a href=\"http:\/\/biaov.org\/\" target=\"_blank\" rel=\"noopener\">Brain Injury Association of the Ottawa Valley<\/a> (en anglais seulement). (bulletin d'information int\u00e9ressant !)<\/p><p><b>Les familles assument souvent un r\u00f4le consultatif aupr\u00e8s d'un organisme ou d'un programme, ce qui constitue une autre fa\u00e7on d'apprendre et d'\u00e9tablir des liens.  En voici quelques exemples :<\/b> Some examples are:<\/p><p class=\"translation-block\"><a href=\"https:\/\/www.cheo.on.ca\/fr\/clinics-services-programs\/autism-family-advisory-committee.aspx\" target=\"_blank\" rel=\"noopener\">Le Comit\u00e9 consultatif des familles sur l'autisme<\/a> du CHEO fait partie du Conseil consultatif des familles de l'h\u00f4pital.<\/p><p class=\"translation-block\">TSAF Ontario, un r\u00e9seau conjoint gouvernement\/industrie\/soignants, a <a href=\"https:\/\/www.cheo.on.ca\/fr\/clinics-services-programs\/autism-family-advisory-committee.aspx\" target=\"_blank\" rel=\"noopener\">un projet de groupes de soutien aux familles et proches aimant-es <\/a>des personnes atteintes de l'ensemble des troubles caus\u00e9s par l'alcoolisation f\u0153tale et leurs familles\/soignants. Les demandes de subvention pour un groupe de soutien aux aidants familiaux sont actuellement ouvertes aux candidatures.<\/p><p><b>Organisations provinciales et nationales de d\u00e9fense des droits qui ont des perspectives cl\u00e9s en mati\u00e8re de politique sociale et de services. <\/b><\/p><p class=\"translation-block\"><a href=\"https:\/\/individualizedfunding.ca\/\" target=\"_blank\" rel=\"noopener\">Individualized Funding Coalition for Ontario.<\/a> (IFCO) (en anglais)<\/p><p class=\"translation-block\"><a href=\"https:\/\/www.pfpf.ca\/\" target=\"_blank\" rel=\"noopener\">People for Personalized Funding<\/a>. Anciennement Special Services at Home Passport Provincial Coalition, ce groupe a des objectifs similaires \u00e0 ceux de l'IFCO. (en anglais)<\/p><p class=\"translation-block\"><a href=\"https:\/\/canadiancaregiving.org\/fr\/\" target=\"_blank\" rel=\"noopener\">Centre canadien d'excellence pour les aidants.<\/a> Il s'agit d'une organisation relativement nouvelle, mais qui recherche des partenariats et des perspectives diff\u00e9rentes sur les impacts du manque de soutien financier et de services humains pour les personnes handicap\u00e9es et leurs familles\/cercles de soutien.<\/p><p>Le site Web de <a href=\"https:\/\/ontariocaregiver.ca\/\" target=\"_blank\" rel=\"noopener\">Ontario Caregiver Organization<\/a> focuses on the concerns and challenges of caregivers supporting persons with varying impairments and challenges.<\/p><p><a href=\"https:\/\/www.microboardsontario.com\/\" target=\"_blank\" rel=\"noopener\">Microboards Ontario<\/a> another relatively new organization in Ontario, has the goal of explaining the role of formalized support circles (Microboards or Arohas) in supporting a person with a disability to live a good life, connected with their community. They feature training courses, commencing in July 2022.<\/p>\t\t\t\t\t\t\t\t<\/div>\n\t\t\t\t<\/div>\n\t\t\t\t\t<\/div>\n\t\t<\/div>\n\t\t\t\t\t<\/div>\n\t\t<\/section>\n\t\t\t\t<\/div>","protected":false},"excerpt":{"rendered":"<p>Voices of Advocacy Family Networks play a key role in connecting persons with a disability and their families\/networks of support. Informal exchange of experience and knowledge is critical to building confidence, identifying systemic need for change, and building strong networks of, potentially, personal allies and innovators.\u00a0 Many early efforts to close institutions and change the&hellip;&nbsp;<a href=\"https:\/\/daneo-raipheo.ca\/fr\/voices-of-advocacy\/family-networks\/\" rel=\"bookmark\">Lire la suite &raquo;<span class=\"screen-reader-text\">R\u00e9seaux familiaux<\/span><\/a><\/p>","protected":false},"author":1,"featured_media":0,"parent":12,"menu_order":0,"comment_status":"closed","ping_status":"closed","template":"page-templates\/template-pagebuilder-full-width.php","meta":{"neve_meta_sidebar":"","neve_meta_container":"","neve_meta_enable_content_width":"off","neve_meta_content_width":100,"neve_meta_title_alignment":"","neve_meta_author_avatar":"","neve_post_elements_order":"","neve_meta_disable_header":"","neve_meta_disable_footer":"","neve_meta_disable_title":"","footnotes":""},"class_list":["post-1443","page","type-page","status-publish","hentry"],"aioseo_notices":[],"_links":{"self":[{"href":"https:\/\/daneo-raipheo.ca\/fr\/wp-json\/wp\/v2\/pages\/1443","targetHints":{"allow":["GET"]}}],"collection":[{"href":"https:\/\/daneo-raipheo.ca\/fr\/wp-json\/wp\/v2\/pages"}],"about":[{"href":"https:\/\/daneo-raipheo.ca\/fr\/wp-json\/wp\/v2\/types\/page"}],"author":[{"embeddable":true,"href":"https:\/\/daneo-raipheo.ca\/fr\/wp-json\/wp\/v2\/users\/1"}],"replies":[{"embeddable":true,"href":"https:\/\/daneo-raipheo.ca\/fr\/wp-json\/wp\/v2\/comments?post=1443"}],"version-history":[{"count":25,"href":"https:\/\/daneo-raipheo.ca\/fr\/wp-json\/wp\/v2\/pages\/1443\/revisions"}],"predecessor-version":[{"id":1967,"href":"https:\/\/daneo-raipheo.ca\/fr\/wp-json\/wp\/v2\/pages\/1443\/revisions\/1967"}],"up":[{"embeddable":true,"href":"https:\/\/daneo-raipheo.ca\/fr\/wp-json\/wp\/v2\/pages\/12"}],"wp:attachment":[{"href":"https:\/\/daneo-raipheo.ca\/fr\/wp-json\/wp\/v2\/media?parent=1443"}],"curies":[{"name":"wp","href":"https:\/\/api.w.org\/{rel}","templated":true}]}}