{"id":1663,"date":"2022-07-06T21:27:57","date_gmt":"2022-07-06T21:27:57","guid":{"rendered":"https:\/\/daneo-raipheo.ca\/?page_id=1663"},"modified":"2022-07-07T14:41:16","modified_gmt":"2022-07-07T14:41:16","slug":"historical-perspective","status":"publish","type":"page","link":"https:\/\/daneo-raipheo.ca\/fr\/resources\/historical-perspective\/","title":{"rendered":"Perspective historique"},"content":{"rendered":"<div data-elementor-type=\"wp-page\" data-elementor-id=\"1663\" class=\"elementor elementor-1663\" data-elementor-post-type=\"page\">\n\t\t\t\t\t\t<section class=\"elementor-section elementor-top-section elementor-element elementor-element-b6e3452 elementor-section-stretched elementor-section-boxed elementor-section-height-default elementor-section-height-default\" data-id=\"b6e3452\" data-element_type=\"section\" data-e-type=\"section\" data-settings=\"{&quot;stretch_section&quot;:&quot;section-stretched&quot;,&quot;background_background&quot;:&quot;classic&quot;}\">\n\t\t\t\t\t\t<div class=\"elementor-container elementor-column-gap-default\">\n\t\t\t\t\t<div class=\"elementor-column elementor-col-100 elementor-top-column elementor-element elementor-element-6a9800c\" data-id=\"6a9800c\" data-element_type=\"column\" data-e-type=\"column\">\n\t\t\t<div class=\"elementor-widget-wrap elementor-element-populated\">\n\t\t\t\t\t\t<div class=\"elementor-element elementor-element-a56d44f elementor-widget elementor-widget-heading\" data-id=\"a56d44f\" data-element_type=\"widget\" data-e-type=\"widget\" data-widget_type=\"heading.default\">\n\t\t\t\t<div class=\"elementor-widget-container\">\n\t\t\t\t\t<h4 class=\"elementor-heading-title elementor-size-default\">Ressources<\/h4>\t\t\t\t<\/div>\n\t\t\t\t<\/div>\n\t\t\t\t<div class=\"elementor-element elementor-element-1507109 elementor-widget-divider--view-line elementor-widget elementor-widget-divider\" data-id=\"1507109\" data-element_type=\"widget\" data-e-type=\"widget\" data-widget_type=\"divider.default\">\n\t\t\t\t<div class=\"elementor-widget-container\">\n\t\t\t\t\t\t\t<div class=\"elementor-divider\">\n\t\t\t<span class=\"elementor-divider-separator\">\n\t\t\t\t\t\t<\/span>\n\t\t<\/div>\n\t\t\t\t\t\t<\/div>\n\t\t\t\t<\/div>\n\t\t\t\t\t<\/div>\n\t\t<\/div>\n\t\t\t\t\t<\/div>\n\t\t<\/section>\n\t\t\t\t<section class=\"elementor-section elementor-top-section elementor-element elementor-element-9a61fb7 elementor-section-boxed elementor-section-height-default elementor-section-height-default\" data-id=\"9a61fb7\" data-element_type=\"section\" data-e-type=\"section\">\n\t\t\t\t\t\t<div class=\"elementor-container elementor-column-gap-default\">\n\t\t\t\t\t<div class=\"elementor-column elementor-col-100 elementor-top-column elementor-element elementor-element-1bd16e2\" data-id=\"1bd16e2\" data-element_type=\"column\" data-e-type=\"column\">\n\t\t\t<div class=\"elementor-widget-wrap elementor-element-populated\">\n\t\t\t\t\t\t<div class=\"elementor-element elementor-element-5d243bb elementor-widget elementor-widget-text-editor\" data-id=\"5d243bb\" data-element_type=\"widget\" data-e-type=\"widget\" data-widget_type=\"text-editor.default\">\n\t\t\t\t<div class=\"elementor-widget-container\">\n\t\t\t\t\t\t\t\t\t<p class=\"translation-block\">Pour comprendre le pr\u00e9sent et la lenteur des changements dans le respect des droits des personnes ayant une d\u00e9ficience intellectuelle, nous devons nous tourner vers le pass\u00e9. L'horreur et les peines de c\u0153ur li\u00e9es \u00e0 l'institutionnalisation persistent et ne doivent pas \u00eatre oubli\u00e9es alors que nous progressons <a href=\"https:\/\/www.ontario.ca\/fr\/page\/en-quete-dappartenance-choix-et-inclusion\" target=\"_blank\" rel=\"noopener\"><b>En qu\u00eate d'appartenance<\/b><\/a> - la derni\u00e8re initiative de r\u00e9forme du gouvernement.<\/p><p>Les articles, rapports et \u00e9tudes qui suivent offrent quelques perspectives sur les raisons pour lesquelles ce voyage prend autant de temps.  Il y a eu de nombreuses \u00e9tudes, groupes de travail, initiatives de modernisation au cours des 20 derni\u00e8res ann\u00e9es. RAIPHEO continuera \u00e0 rassembler ce mat\u00e9riel et \u00e0 le pr\u00e9senter sur ces pages.<\/p><p class=\"translation-block\">Williston, Walter B. <i>A report to the Honourable A.B.R. Lawrence, Minister of Health on Present Arrangements for the Care and Supervision of Mentally Retarded Persons in Ontario<\/i>. 1971\n\n<a href=\"https:\/\/irp-cdn.multiscreensite.com\/79519c7d\/files\/uploaded\/Williston-Report.pdf\" target=\"_blank\" rel=\"noopener\">https:\/\/irp-cdn.multiscreensite.com\/79519c7d\/files\/uploaded\/Williston-Report.pdf<\/a> Viewed on July 7, 2022. (en anglais)<\/p><p class=\"translation-block\">Brown, Ivan and John P. Radford. 2015 \u201cThe growth and decline of institutions for people with developmental disabilities in Ontario: 1876-2009\u201d Journal on Developmental Disabilities, v. 21, no. 2, 2015. pp. 7-27. &lt;<a href=\"https:\/\/oadd.org\/wp-content\/uploads\/2015\/01\/41021_JoDD_21-2_v23f_7-27_Brown_and_Radford.pdf\" target=\"_blank\" rel=\"noopener\">https:\/\/oadd.org\/wp-content\/uploads\/2015\/01\/41021_JoDD_21-2_v23f_7-27_Brown_and_Radford.pdf<\/a>&gt; (en anglais)<\/p><p class=\"translation-block\"><a href=\"https:\/\/truthsofinstitutionalization.ca\/fr\/\" target=\"_blank\" rel=\"noopener\">Les v\u00e9rit\u00e9s de l'institutionnalisation: pass\u00e9es et pr\u00e9sentes<\/a>: Une collection de voix qui racontent les v\u00e9rit\u00e9s de l\u2019institutionnalisation au Canada, des ann\u00e9es 1800 \u00e0 aujourd\u2019hui.<\/p>\t\t\t\t\t\t\t\t<\/div>\n\t\t\t\t<\/div>\n\t\t\t\t\t<\/div>\n\t\t<\/div>\n\t\t\t\t\t<\/div>\n\t\t<\/section>\n\t\t\t\t<\/div>","protected":false},"excerpt":{"rendered":"<p>Resources To understand the present, and the slow pace of change in respecting the rights of individuals with a developmental disability, we must look to the past. The horror and heart-aches of institutionalization linger and must not be forgotten as we move along the Journey to Belonging \u2013 the latest government reform initiative. The following&hellip;&nbsp;<a href=\"https:\/\/daneo-raipheo.ca\/fr\/resources\/historical-perspective\/\" rel=\"bookmark\">Lire la suite &raquo;<span class=\"screen-reader-text\">Perspective historique<\/span><\/a><\/p>","protected":false},"author":1,"featured_media":0,"parent":13,"menu_order":0,"comment_status":"closed","ping_status":"closed","template":"page-templates\/template-pagebuilder-full-width.php","meta":{"neve_meta_sidebar":"","neve_meta_container":"","neve_meta_enable_content_width":"off","neve_meta_content_width":100,"neve_meta_title_alignment":"","neve_meta_author_avatar":"","neve_post_elements_order":"","neve_meta_disable_header":"","neve_meta_disable_footer":"","neve_meta_disable_title":"","footnotes":""},"class_list":["post-1663","page","type-page","status-publish","hentry"],"aioseo_notices":[],"_links":{"self":[{"href":"https:\/\/daneo-raipheo.ca\/fr\/wp-json\/wp\/v2\/pages\/1663","targetHints":{"allow":["GET"]}}],"collection":[{"href":"https:\/\/daneo-raipheo.ca\/fr\/wp-json\/wp\/v2\/pages"}],"about":[{"href":"https:\/\/daneo-raipheo.ca\/fr\/wp-json\/wp\/v2\/types\/page"}],"author":[{"embeddable":true,"href":"https:\/\/daneo-raipheo.ca\/fr\/wp-json\/wp\/v2\/users\/1"}],"replies":[{"embeddable":true,"href":"https:\/\/daneo-raipheo.ca\/fr\/wp-json\/wp\/v2\/comments?post=1663"}],"version-history":[{"count":16,"href":"https:\/\/daneo-raipheo.ca\/fr\/wp-json\/wp\/v2\/pages\/1663\/revisions"}],"predecessor-version":[{"id":1685,"href":"https:\/\/daneo-raipheo.ca\/fr\/wp-json\/wp\/v2\/pages\/1663\/revisions\/1685"}],"up":[{"embeddable":true,"href":"https:\/\/daneo-raipheo.ca\/fr\/wp-json\/wp\/v2\/pages\/13"}],"wp:attachment":[{"href":"https:\/\/daneo-raipheo.ca\/fr\/wp-json\/wp\/v2\/media?parent=1663"}],"curies":[{"name":"wp","href":"https:\/\/api.w.org\/{rel}","templated":true}]}}