{"id":453,"date":"2022-05-27T01:52:58","date_gmt":"2022-05-27T01:52:58","guid":{"rendered":"https:\/\/daneo-raipheo.ca\/?page_id=453"},"modified":"2022-07-04T15:57:58","modified_gmt":"2022-07-04T15:57:58","slug":"learning-resources","status":"publish","type":"page","link":"https:\/\/daneo-raipheo.ca\/fr\/resources\/learning-resources\/","title":{"rendered":"Ressources \u00e9ducatifs"},"content":{"rendered":"<div data-elementor-type=\"wp-page\" data-elementor-id=\"453\" class=\"elementor elementor-453\" data-elementor-post-type=\"page\">\n\t\t\t\t\t\t<section class=\"elementor-section elementor-top-section elementor-element elementor-element-a41141a elementor-section-stretched elementor-section-boxed elementor-section-height-default elementor-section-height-default\" data-id=\"a41141a\" data-element_type=\"section\" data-e-type=\"section\" data-settings=\"{&quot;stretch_section&quot;:&quot;section-stretched&quot;,&quot;background_background&quot;:&quot;classic&quot;}\">\n\t\t\t\t\t\t<div class=\"elementor-container elementor-column-gap-default\">\n\t\t\t\t\t<div class=\"elementor-column elementor-col-100 elementor-top-column elementor-element elementor-element-e1dd5ef\" data-id=\"e1dd5ef\" data-element_type=\"column\" data-e-type=\"column\">\n\t\t\t<div class=\"elementor-widget-wrap elementor-element-populated\">\n\t\t\t\t\t\t<div class=\"elementor-element elementor-element-27614e0 elementor-widget elementor-widget-heading\" data-id=\"27614e0\" data-element_type=\"widget\" data-e-type=\"widget\" data-widget_type=\"heading.default\">\n\t\t\t\t<div class=\"elementor-widget-container\">\n\t\t\t\t\t<h4 class=\"elementor-heading-title elementor-size-default\">Ressources<\/h4>\t\t\t\t<\/div>\n\t\t\t\t<\/div>\n\t\t\t\t<div class=\"elementor-element elementor-element-99b7d63 elementor-widget-divider--view-line elementor-widget elementor-widget-divider\" data-id=\"99b7d63\" data-element_type=\"widget\" data-e-type=\"widget\" data-widget_type=\"divider.default\">\n\t\t\t\t<div class=\"elementor-widget-container\">\n\t\t\t\t\t\t\t<div class=\"elementor-divider\">\n\t\t\t<span class=\"elementor-divider-separator\">\n\t\t\t\t\t\t<\/span>\n\t\t<\/div>\n\t\t\t\t\t\t<\/div>\n\t\t\t\t<\/div>\n\t\t\t\t\t<\/div>\n\t\t<\/div>\n\t\t\t\t\t<\/div>\n\t\t<\/section>\n\t\t\t\t<section class=\"elementor-section elementor-top-section elementor-element elementor-element-efce8db elementor-section-boxed elementor-section-height-default elementor-section-height-default\" data-id=\"efce8db\" data-element_type=\"section\" data-e-type=\"section\">\n\t\t\t\t\t\t<div class=\"elementor-container elementor-column-gap-default\">\n\t\t\t\t\t<div class=\"elementor-column elementor-col-100 elementor-top-column elementor-element elementor-element-1ad5dd0\" data-id=\"1ad5dd0\" data-element_type=\"column\" data-e-type=\"column\">\n\t\t\t<div class=\"elementor-widget-wrap elementor-element-populated\">\n\t\t\t\t\t\t<section class=\"elementor-section elementor-inner-section elementor-element elementor-element-4cb22a9 elementor-section-boxed elementor-section-height-default elementor-section-height-default\" data-id=\"4cb22a9\" data-element_type=\"section\" data-e-type=\"section\">\n\t\t\t\t\t\t<div class=\"elementor-container elementor-column-gap-default\">\n\t\t\t\t\t<div class=\"elementor-column elementor-col-100 elementor-inner-column elementor-element elementor-element-b98508e\" data-id=\"b98508e\" data-element_type=\"column\" data-e-type=\"column\">\n\t\t\t<div class=\"elementor-widget-wrap elementor-element-populated\">\n\t\t\t\t\t\t<div class=\"elementor-element elementor-element-b727595 elementor-widget elementor-widget-heading\" data-id=\"b727595\" data-element_type=\"widget\" data-e-type=\"widget\" data-widget_type=\"heading.default\">\n\t\t\t\t<div class=\"elementor-widget-container\">\n\t\t\t\t\t<h2 class=\"elementor-heading-title elementor-size-default\">Planification financi\u00e8re \/ successorale<\/h2>\t\t\t\t<\/div>\n\t\t\t\t<\/div>\n\t\t\t\t<div class=\"elementor-element elementor-element-6e1f2de elementor-widget elementor-widget-text-editor\" data-id=\"6e1f2de\" data-element_type=\"widget\" data-e-type=\"widget\" data-widget_type=\"text-editor.default\">\n\t\t\t\t<div class=\"elementor-widget-container\">\n\t\t\t\t\t\t\t\t\t<p class=\"translation-block\"><a href=\"http:\/\/www.partnersforplanning.ca\/\" target=\"_blank\" rel=\"noopener\">Partners for Planning<\/a> et The Planning Network fournissent des informations sur des sujets de planification de mani\u00e8re r\u00e9guli\u00e8re et accessible. Leur manuel intitul\u00e9 Safe and Secure Handbook est mis \u00e0 jour r\u00e9guli\u00e8rement et est disponible en format \u00e9lectronique et imprim\u00e9.<\/p>\t\t\t\t\t\t\t\t<\/div>\n\t\t\t\t<\/div>\n\t\t\t\t\t<\/div>\n\t\t<\/div>\n\t\t\t\t\t<\/div>\n\t\t<\/section>\n\t\t\t\t\t<\/div>\n\t\t<\/div>\n\t\t\t\t\t<\/div>\n\t\t<\/section>\n\t\t\t\t<section class=\"elementor-section elementor-top-section elementor-element elementor-element-6462a67 elementor-section-boxed elementor-section-height-default elementor-section-height-default\" data-id=\"6462a67\" data-element_type=\"section\" data-e-type=\"section\">\n\t\t\t\t\t\t<div class=\"elementor-container elementor-column-gap-default\">\n\t\t\t\t\t<div class=\"elementor-column elementor-col-100 elementor-top-column elementor-element elementor-element-2489321\" data-id=\"2489321\" data-element_type=\"column\" data-e-type=\"column\">\n\t\t\t<div class=\"elementor-widget-wrap elementor-element-populated\">\n\t\t\t\t\t\t<section class=\"elementor-section elementor-inner-section elementor-element elementor-element-f811906 elementor-section-boxed elementor-section-height-default elementor-section-height-default\" data-id=\"f811906\" data-element_type=\"section\" data-e-type=\"section\">\n\t\t\t\t\t\t<div class=\"elementor-container elementor-column-gap-default\">\n\t\t\t\t\t<div class=\"elementor-column elementor-col-100 elementor-inner-column elementor-element elementor-element-b7a0815\" data-id=\"b7a0815\" data-element_type=\"column\" data-e-type=\"column\">\n\t\t\t<div class=\"elementor-widget-wrap elementor-element-populated\">\n\t\t\t\t\t\t<div class=\"elementor-element elementor-element-f4912ed elementor-widget elementor-widget-heading\" data-id=\"f4912ed\" data-element_type=\"widget\" data-e-type=\"widget\" data-widget_type=\"heading.default\">\n\t\t\t\t<div class=\"elementor-widget-container\">\n\t\t\t\t\t<h2 class=\"elementor-heading-title elementor-size-default\">Planification de la vie <\/h2>\t\t\t\t<\/div>\n\t\t\t\t<\/div>\n\t\t\t\t<div class=\"elementor-element elementor-element-8decf1f elementor-widget elementor-widget-text-editor\" data-id=\"8decf1f\" data-element_type=\"widget\" data-e-type=\"widget\" data-widget_type=\"text-editor.default\">\n\t\t\t\t<div class=\"elementor-widget-container\">\n\t\t\t\t\t\t\t\t\t<p class=\"translation-block\"><a href=\"https:\/\/iflibrary.ca\/?lang=fr\" target=\"_blank\" rel=\"noopener\">La biblioth\u00e8que FI<\/a> (financement individualis\u00e9), h\u00e9berg\u00e9e \u00e0 Surrey Place \u00e0 Toronto, est le produit d'une \u00e9quipe de recherche comprenant Partners for Planning, Surrey Place (qui fait partie de Community Living Toronto), des auto-intervenants et des membres de la famille. Il s'agit d'un guide de ressources bas\u00e9 sur l'\u00e2ge et l'\u00e9tape de la vie pour la planification financi\u00e8re, l'obtention de soutiens et de services, et des suggestions pour tirer parti des programmes existants dans la communaut\u00e9. Par exemple, la carte de voyage pour personnes handicap\u00e9es pour une personne de 24 ans, l'apprentissage des ressources de d\u00e9fense des droits pour un parent d'un enfant de 3 ans.<\/p><p class=\"translation-block\">Le site Web de l'<a href=\"https:\/\/www.oifn.ca\/francais\/\" target=\"_blank\" rel=\"noopener\">Ontario Independent Facilitation Network<\/a> est un excellent endroit o\u00f9 les personnes et les familles peuvent se renseigner sur la facilitation ind\u00e9pendante, son r\u00f4le, sa fonction et sa pratique. La facilitation ind\u00e9pendante est l'un des services professionnels qui peuvent \u00eatre pay\u00e9s \u00e0 l'aide de l'aide financi\u00e8re accord\u00e9e dans le cadre du programme Passeport.<\/p><p class=\"translation-block\">Le mouvement pour l'int\u00e9gration communautaire des ann\u00e9es 1960 a re\u00e7u une base philosophique gr\u00e2ce aux pens\u00e9es et aux \u00e9crits de Wolf Wolfensberger sur <a href=\"https:\/\/valorisationdesrolessociaux.com\/ressources\/des-articles\/\" target=\"_blank\" rel=\"noopener\">la valorisation du r\u00f4le social,<\/a> afin de contrer l'impact de la d\u00e9valorisation des personnes handicap\u00e9es dans la soci\u00e9t\u00e9 moderne. Ces \u00e9crits \u00e9taient, et sont encore aujourd'hui, essentiels pour les personnes, les familles, les activistes sociaux et les fournisseurs de services qui veulent avancer avec confiance dans la croissance personnelle et le changement social.<\/p><p class=\"translation-block\"><b>Community Living Ontario<\/b> produit le <a href=\"https:\/\/communitylivingontario.ca\/resources\/wills-estate-guide\/\" target=\"_blank\" rel=\"noopener\">Guide de planification successorale<\/a> Inspiring Possibilities et le <a href=\"https:\/\/communitylivingontario.ca\/resources\/legal-guide\/\" target=\"_blank\" rel=\"noopener\">Guide juridique pour l'embauche de travailleurs<\/a> de soutien pour les personnes handicap\u00e9es (tous deux disponibles en anglais et en fran\u00e7ais).<\/p>\t\t\t\t\t\t\t\t<\/div>\n\t\t\t\t<\/div>\n\t\t\t\t\t<\/div>\n\t\t<\/div>\n\t\t\t\t\t<\/div>\n\t\t<\/section>\n\t\t\t\t\t<\/div>\n\t\t<\/div>\n\t\t\t\t\t<\/div>\n\t\t<\/section>\n\t\t\t\t<section class=\"elementor-section elementor-top-section elementor-element elementor-element-770b0fb elementor-section-boxed elementor-section-height-default elementor-section-height-default\" data-id=\"770b0fb\" data-element_type=\"section\" data-e-type=\"section\">\n\t\t\t\t\t\t<div class=\"elementor-container elementor-column-gap-default\">\n\t\t\t\t\t<div class=\"elementor-column elementor-col-100 elementor-top-column elementor-element elementor-element-10a2af5\" data-id=\"10a2af5\" data-element_type=\"column\" data-e-type=\"column\">\n\t\t\t<div class=\"elementor-widget-wrap elementor-element-populated\">\n\t\t\t\t\t\t<section class=\"elementor-section elementor-inner-section elementor-element elementor-element-79e98db elementor-section-boxed elementor-section-height-default elementor-section-height-default\" data-id=\"79e98db\" data-element_type=\"section\" data-e-type=\"section\">\n\t\t\t\t\t\t<div class=\"elementor-container elementor-column-gap-default\">\n\t\t\t\t\t<div class=\"elementor-column elementor-col-100 elementor-inner-column elementor-element elementor-element-bdc7939\" data-id=\"bdc7939\" data-element_type=\"column\" data-e-type=\"column\">\n\t\t\t<div class=\"elementor-widget-wrap elementor-element-populated\">\n\t\t\t\t\t\t<div class=\"elementor-element elementor-element-e91d50b elementor-widget elementor-widget-heading\" data-id=\"e91d50b\" data-element_type=\"widget\" data-e-type=\"widget\" data-widget_type=\"heading.default\">\n\t\t\t\t<div class=\"elementor-widget-container\">\n\t\t\t\t\t<h2 class=\"elementor-heading-title elementor-size-default\">Recherches et publications sur la d\u00e9ficience intellectuelle<\/h2>\t\t\t\t<\/div>\n\t\t\t\t<\/div>\n\t\t\t\t<div class=\"elementor-element elementor-element-942e5c2 elementor-widget elementor-widget-text-editor\" data-id=\"942e5c2\" data-element_type=\"widget\" data-e-type=\"widget\" data-widget_type=\"text-editor.default\">\n\t\t\t\t<div class=\"elementor-widget-container translation-block\">Brown, I., Percy, M., Aldersey, H. M., Condillac, R. A., Fung, W. L. A., &amp; Isaacs, B. A. (Eds.). (2020). <i>Developmental Disabilities in Ontario <\/i>(4e \u00e9d.). Toronto, ON : Delphi Graphic Communications.\n\nDistribu\u00e9e par l'Ontario Association on Developmental Disabilities (OADD), cette ressource est utilis\u00e9e comme texte de base dans les programmes des agents de services aux personnes ayant une d\u00e9ficience intellectuelle dans tout l'Ontario. Disponible \u00e0 l'achat aupr\u00e8s de l'OADD, elle peut s'av\u00e9rer \u00eatre une base int\u00e9ressante pour les tendances actuelles et futures des services. Vous pouvez consulter la table des mati\u00e8res \u00e0 l'adresse <a href=\"https:\/\/oadd.org\/wp-content\/uploads\/2020\/05\/Front-Matter-DDO-4th-ed-April-28-2020.pdf\" target=\"_blank\" rel=\"noopener\">https:\/\/oadd.org\/wp-content\/uploads\/2020\/05\/Front-Matter-DDO-4th-ed-April-28-2020.pdf<\/a>.<\/div>\n\t\t\t\t<\/div>\n\t\t\t\t\t<\/div>\n\t\t<\/div>\n\t\t\t\t\t<\/div>\n\t\t<\/section>\n\t\t\t\t\t<\/div>\n\t\t<\/div>\n\t\t\t\t\t<\/div>\n\t\t<\/section>\n\t\t\t\t<\/div>","protected":false},"excerpt":{"rendered":"<p>Resources Financial \/ Estate Planning Partners for Planning and The Planning Network provide information on planning topics on a regular and accessbible basis. Their signature Safe and Secure Handbook is updated regularly and is available in convenient electronic and print formats. Life Planning The IF (Individualized Funding) Library, hosted at Surrey Place in Toronto, was&hellip;&nbsp;<a href=\"https:\/\/daneo-raipheo.ca\/fr\/resources\/learning-resources\/\" rel=\"bookmark\">Lire la suite &raquo;<span class=\"screen-reader-text\">Ressources \u00e9ducatifs<\/span><\/a><\/p>","protected":false},"author":1,"featured_media":0,"parent":13,"menu_order":0,"comment_status":"closed","ping_status":"closed","template":"page-templates\/template-pagebuilder-full-width.php","meta":{"neve_meta_sidebar":"","neve_meta_container":"","neve_meta_enable_content_width":"off","neve_meta_content_width":100,"neve_meta_title_alignment":"","neve_meta_author_avatar":"","neve_post_elements_order":"","neve_meta_disable_header":"","neve_meta_disable_footer":"","neve_meta_disable_title":"","footnotes":""},"class_list":["post-453","page","type-page","status-publish","hentry"],"aioseo_notices":[],"_links":{"self":[{"href":"https:\/\/daneo-raipheo.ca\/fr\/wp-json\/wp\/v2\/pages\/453","targetHints":{"allow":["GET"]}}],"collection":[{"href":"https:\/\/daneo-raipheo.ca\/fr\/wp-json\/wp\/v2\/pages"}],"about":[{"href":"https:\/\/daneo-raipheo.ca\/fr\/wp-json\/wp\/v2\/types\/page"}],"author":[{"embeddable":true,"href":"https:\/\/daneo-raipheo.ca\/fr\/wp-json\/wp\/v2\/users\/1"}],"replies":[{"embeddable":true,"href":"https:\/\/daneo-raipheo.ca\/fr\/wp-json\/wp\/v2\/comments?post=453"}],"version-history":[{"count":79,"href":"https:\/\/daneo-raipheo.ca\/fr\/wp-json\/wp\/v2\/pages\/453\/revisions"}],"predecessor-version":[{"id":1543,"href":"https:\/\/daneo-raipheo.ca\/fr\/wp-json\/wp\/v2\/pages\/453\/revisions\/1543"}],"up":[{"embeddable":true,"href":"https:\/\/daneo-raipheo.ca\/fr\/wp-json\/wp\/v2\/pages\/13"}],"wp:attachment":[{"href":"https:\/\/daneo-raipheo.ca\/fr\/wp-json\/wp\/v2\/media?parent=453"}],"curies":[{"name":"wp","href":"https:\/\/api.w.org\/{rel}","templated":true}]}}